{"id":19621,"date":"2019-07-25T18:50:49","date_gmt":"2019-07-25T16:50:49","guid":{"rendered":"http:\/\/www.sv-zeppelin.de\/?page_id=19621"},"modified":"2019-07-25T18:50:49","modified_gmt":"2019-07-25T16:50:49","slug":"schach-macht-schlau","status":"publish","type":"page","link":"https:\/\/www.sv-zeppelin.de\/?page_id=19621","title":{"rendered":"Schach macht schlau!"},"content":{"rendered":"<div id=\"attachment_7255\" style=\"width: 956px\" class=\"wp-caption aligncenter\"><a href=\"https:\/\/www.chess-international.com\/wp-content\/uploads\/2019\/06\/bode-marco.png\"><img loading=\"lazy\" decoding=\"async\" aria-describedby=\"caption-attachment-7255\" class=\"wp-image-7255 size-full\" src=\"https:\/\/www.chess-international.com\/wp-content\/uploads\/2019\/06\/bode-marco.png\" alt=\"\" width=\"946\" height=\"528\" \/><\/a><p id=\"caption-attachment-7255\" class=\"wp-caption-text\">Marco Bode (Vorstandsvorsitzender von Werder Bremen)<\/p><\/div>\n<p class=\"first\"><strong>Schach im Unterricht \u2013 ein Pilotprojekt an Bremer und Bremerhavener Grundschulen<\/strong><\/p>\n<p>Eine verbindliche Stunde Schach pro Woche in mehr als 70 teilnehmenden Grundschulklassen im Land Bremen. Das ist das gr\u00f6\u00dfte Pilotprojekt zur Einbindung von Schach im Unterricht zur Bildungsf\u00f6rderung, das jemals in Deutschland stattgefunden hat. Mehr als 1.500 Kinder aus allen vier Jahrgangsstufen werden mit Beginn des Schuljahres 18\/19 mit Arbeitsheften, Schachspielen und Online-Lernsoftware ausgestattet und beginnen sich dem Spiel zu n\u00e4hern.<\/p>\n<p>Das Besondere: Die Lehrerinnen und Lehrer m\u00fcssen zu Beginn des gemeinsamen Lernprojekts nicht selbst Schach spielen k\u00f6nnen, sondern lernen gemeinsam mit ihren Sch\u00fclern! In vorbereitenden Workshops und mit speziellem Lehrer-Material werden die Lehrerinnen und Lehrer auf \u201eSchach macht schlau!\u201c vorbereitet.<\/p>\n<p>Auf Initiative des Vereins \u201eDas erste Buch e.V.\u201c und mit Unterst\u00fctzung der Senatorin f\u00fcr Bildung m\u00f6chte \u201eSchach macht schlau\u201c Bildungschancen aller Kinder im Land Bremen st\u00e4rken und dar\u00fcber hinaus die Integration von Kindern mit geringen Deutschkenntnissen f\u00f6rdern! Wir danken insbesondere allen teilnehmenden Lehrerinnen und Lehrern f\u00fcr ihr Engagement!<\/p>\n<p>Alle Informationen:<br \/>\n<a href=\"http:\/\/www.schachmachtschlau.de\">http:\/\/www.schachmachtschlau.de<\/a><\/p>\n<div class=\"wp-playlist wp-video-playlist wp-playlist-light\">\n\t\t<video controls=\"controls\" preload=\"none\" width=\"640\"\n\t\t height=\"360\"\t><\/video>\n\t<div class=\"wp-playlist-next\"><\/div>\n\t<div class=\"wp-playlist-prev\"><\/div>\n\t<noscript>\n\t<ol>\n\t\t<li><a href='https:\/\/www.sv-zeppelin.de\/wp-content\/uploads\/2019\/07\/Schach-macht-schlau-540p.mp4'>Schach-macht-schlau-540p<\/a><\/li>\t<\/ol>\n\t<\/noscript>\n\t<script type=\"application\/json\" class=\"wp-playlist-script\">{\"type\":\"video\",\"tracklist\":true,\"tracknumbers\":true,\"images\":true,\"artists\":true,\"tracks\":[{\"src\":\"https:\/\/www.sv-zeppelin.de\/wp-content\/uploads\/2019\/07\/Schach-macht-schlau-540p.mp4\",\"type\":\"video\/mp4\",\"title\":\"Schach-macht-schlau-540p\",\"caption\":\"\",\"description\":\"\",\"meta\":{\"length_formatted\":\"3:43\"},\"dimensions\":{\"original\":{\"width\":960,\"height\":540},\"resized\":{\"width\":640,\"height\":360}},\"image\":{\"src\":\"https:\/\/www.sv-zeppelin.de\/wp-includes\/images\/media\/video.svg\",\"width\":48,\"height\":64},\"thumb\":{\"src\":\"https:\/\/www.sv-zeppelin.de\/wp-includes\/images\/media\/video.svg\",\"width\":48,\"height\":64}}]}<\/script>\n<\/div>\n\t\n<p><a href=\"http:\/\/m.11freunde.de\/interview\/marco-bode-ueber-das-spiel-der-koenige-und-fussball?kompletter-artikel\">Interview mit Marco Bode auf der Online-Plattform von 11 Freunde#<\/a><\/p>\n<p><a href=\"https:\/\/www.chess-international.com\/wp-content\/uploads\/2019\/06\/Schach-macht-schlau-540p.mp4\">Download Video<\/a><\/p>\n<p>[embeddoc url=&#8220;https:\/\/www.chess-international.com\/wp-content\/uploads\/2019\/06\/ablauf-und-aufbau_von-schachunterrichtsstunden.pdf&#8220; download=&#8220;all&#8220;]<\/p>\n<p>[embeddoc url=&#8220;https:\/\/www.chess-international.com\/wp-content\/uploads\/2019\/06\/2423_curriculum_schach.pdf&#8220; download=&#8220;all&#8220;]<\/p>\n","protected":false},"excerpt":{"rendered":"<p>Schach im Unterricht \u2013 ein Pilotprojekt an Bremer und Bremerhavener Grundschulen Eine verbindliche Stunde Schach pro Woche in mehr als 70 teilnehmenden Grundschulklassen im Land Bremen. Das ist das gr\u00f6\u00dfte Pilotprojekt zur Einbindung von&#46;&#46;&#46;<\/p>\n","protected":false},"author":3,"featured_media":0,"parent":0,"menu_order":0,"comment_status":"closed","ping_status":"closed","template":"","meta":{"footnotes":""},"class_list":["post-19621","page","type-page","status-publish","hentry"],"_links":{"self":[{"href":"https:\/\/www.sv-zeppelin.de\/index.php?rest_route=\/wp\/v2\/pages\/19621","targetHints":{"allow":["GET"]}}],"collection":[{"href":"https:\/\/www.sv-zeppelin.de\/index.php?rest_route=\/wp\/v2\/pages"}],"about":[{"href":"https:\/\/www.sv-zeppelin.de\/index.php?rest_route=\/wp\/v2\/types\/page"}],"author":[{"embeddable":true,"href":"https:\/\/www.sv-zeppelin.de\/index.php?rest_route=\/wp\/v2\/users\/3"}],"replies":[{"embeddable":true,"href":"https:\/\/www.sv-zeppelin.de\/index.php?rest_route=%2Fwp%2Fv2%2Fcomments&post=19621"}],"version-history":[{"count":0,"href":"https:\/\/www.sv-zeppelin.de\/index.php?rest_route=\/wp\/v2\/pages\/19621\/revisions"}],"wp:attachment":[{"href":"https:\/\/www.sv-zeppelin.de\/index.php?rest_route=%2Fwp%2Fv2%2Fmedia&parent=19621"}],"curies":[{"name":"wp","href":"https:\/\/api.w.org\/{rel}","templated":true}]}}